{"id":1769,"date":"2023-05-09T11:14:49","date_gmt":"2023-05-09T11:14:49","guid":{"rendered":"https:\/\/niceart.si\/?page_id=1769"},"modified":"2023-05-11T06:53:21","modified_gmt":"2023-05-11T06:53:21","slug":"tecaji-in-delavnice-2","status":"publish","type":"page","link":"https:\/\/niceart.si\/?page_id=1769","title":{"rendered":"Tehnike izdelave"},"content":{"rendered":"\t\t<div data-elementor-type=\"wp-page\" data-elementor-id=\"1769\" class=\"elementor elementor-1769\">\r\n\t\t\t\t\t\t\t\t\t<section class=\"elementor-section elementor-top-section elementor-element elementor-element-9f71b2e elementor-section-boxed elementor-section-height-default elementor-section-height-default\" data-id=\"9f71b2e\" data-element_type=\"section\">\r\n\t\t\t\t\t\t<div class=\"elementor-container elementor-column-gap-default\">\r\n\t\t\t\t\t<div class=\"elementor-column elementor-col-100 elementor-top-column elementor-element elementor-element-a2cf7dd\" data-id=\"a2cf7dd\" data-element_type=\"column\">\r\n\t\t\t<div class=\"elementor-widget-wrap elementor-element-populated\">\r\n\t\t\t\t\t\t\t\t<div class=\"elementor-element elementor-element-333c322 elementor-widget elementor-widget-heading\" data-id=\"333c322\" data-element_type=\"widget\" data-widget_type=\"heading.default\">\r\n\t\t\t\t<div class=\"elementor-widget-container\">\r\n\t\t\t<style>\/*! elementor - v3.13.0 - 08-05-2023 *\/\r\n.elementor-heading-title{padding:0;margin:0;line-height:1}.elementor-widget-heading .elementor-heading-title[class*=elementor-size-]>a{color:inherit;font-size:inherit;line-height:inherit}.elementor-widget-heading .elementor-heading-title.elementor-size-small{font-size:15px}.elementor-widget-heading .elementor-heading-title.elementor-size-medium{font-size:19px}.elementor-widget-heading .elementor-heading-title.elementor-size-large{font-size:29px}.elementor-widget-heading .elementor-heading-title.elementor-size-xl{font-size:39px}.elementor-widget-heading .elementor-heading-title.elementor-size-xxl{font-size:59px}<\/style><h2 class=\"elementor-heading-title elementor-size-default\">TEHNIKE IZDELAVE<\/h2>\t\t<\/div>\r\n\t\t\t\t<\/div>\r\n\t\t\t\t\t<\/div>\r\n\t\t<\/div>\r\n\t\t\t\t\t\t\t<\/div>\r\n\t\t<\/section>\r\n\t\t\t\t<section class=\"elementor-section elementor-top-section elementor-element elementor-element-19eecf4 elementor-section-boxed elementor-section-height-default elementor-section-height-default\" data-id=\"19eecf4\" data-element_type=\"section\">\r\n\t\t\t\t\t\t<div class=\"elementor-container elementor-column-gap-default\">\r\n\t\t\t\t\t<div class=\"elementor-column elementor-col-100 elementor-top-column elementor-element elementor-element-5f783db\" data-id=\"5f783db\" data-element_type=\"column\">\r\n\t\t\t<div class=\"elementor-widget-wrap elementor-element-populated\">\r\n\t\t\t\t\t\t\t\t<div class=\"elementor-element elementor-element-57537a4 elementor-widget elementor-widget-ts-blogs\" data-id=\"57537a4\" data-element_type=\"widget\" data-widget_type=\"ts-blogs.default\">\r\n\t\t\t\t<div class=\"elementor-widget-container\">\r\n\t\t\t\t\t\t<div class=\"ts-blogs-wrapper ts-shortcode ts-blogs title-default item-layout-list ts-masonry loading\" data-atts=\"{&quot;layout&quot;:&quot;masonry&quot;,&quot;columns&quot;:2,&quot;categories&quot;:&quot;66&quot;,&quot;limit&quot;:5,&quot;orderby&quot;:&quot;date&quot;,&quot;order&quot;:&quot;DESC&quot;,&quot;show_title&quot;:&quot;1&quot;,&quot;show_thumbnail&quot;:&quot;1&quot;,&quot;show_author&quot;:&quot;0&quot;,&quot;show_categories&quot;:&quot;0&quot;,&quot;show_date&quot;:&quot;0&quot;,&quot;show_comment&quot;:&quot;0&quot;,&quot;show_excerpt&quot;:&quot;1&quot;,&quot;show_readmore&quot;:&quot;0&quot;,&quot;excerpt_words&quot;:50,&quot;is_slider&quot;:0,&quot;show_nav&quot;:null,&quot;auto_play&quot;:null,&quot;is_masonry&quot;:1,&quot;show_load_more&quot;:0}\" >\r\n\t\t\t\t\r\n\t\t\t\t\t\t\t\t\r\n\t\t\t\t<div class=\"content-wrapper\">\r\n\t\t\t\t\t<div class=\"blogs items\">\r\n\t\t\t\t\t\t\t\t\t\t<article class=\"item   ts-col-12\">\r\n\t\t\t\t\t<div class=\"article-content\">\r\n\t\t\t\t\t\t\t\t\t\t\t<div class=\"thumbnail-content\">\r\n\t\t\t\t\t\t\t\t\t\t\t\t\t\t\t<a class=\"thumbnail  \" href=\"https:\/\/niceart.si\/?p=1459\">\r\n\t\t\t\t\t\t\t\t\t<figure>\r\n\t\t\t\t\t\t\t\t\t\t\t\t\t\t\t\t\t\t<\/figure>\r\n\t\t\t\t\t\t\t\t\t<div class=\"effect-thumbnail\"><\/div>\r\n\t\t\t\t\t\t\t\t<\/a>\r\n\t\t\t\t\t\t\t\t\r\n\t\t\t\t\t\t\t\t\r\n\t\t\t\t\t\t\t\t\t\t\t\t\t\r\n\t\t\t\t\t\t<\/div>\r\n\t\t\t\t\t\t\t\t\t\t\r\n\t\t\t\t\t\t\t\t\t\t\t\r\n\t\t\t\t\t\t<div class=\"entry-content\">\r\n\t\t\t\t\t\t\t<header>\r\n\t\t\t\t\t\t\t\r\n\t\t\t\t\t\t\t\t\t\t\t\t\t\t\t\t<h4 class=\"heading-title entry-title\">\r\n\t\t\t\t\t\t\t\t\t<a class=\"post-title\" href=\"https:\/\/niceart.si\/?p=1459\">VITRA\u017d V TIFFANY TEHNIKI<\/a>\r\n\t\t\t\t\t\t\t\t<\/h4>\r\n\t\t\t\t\t\t\t\t\t\t\t\t\t\t\t\t\r\n\t\t\t\t\t\t\t\t\t\t\t\t\t\t\t\t\r\n\t\t\t\t\t\t\t<\/header>\r\n\t\t\t\t\t\t\t\r\n\t\t\t\t\t\t\t\t\t\t\t\t\t\t<div class=\"excerpt\">Zgodovina klasi\u010dnega vitra\u017ea je vezana predvsem na okna v cerkvah, katedralah in v dvorcih. Najstarej\u0161i primerki so steklene pregrade oken na bazilikah iz 4. in 5. stoletja, zlata doba vitra\u017ea sega v 12. do 16. stoletje, potem je do\u017eivljal zatone in vzpone, korenite spremembe pa je do\u017eivel s spremembo tehnologije,<\/div>\r\n\t\t\t\t\t\t\t\t\t\t\t\t\t\t\r\n\t\t\t\t\t\t\t\t\t\t\t\t\t<\/div>\r\n\t\t\t\t\t\t\t\r\n\t\t\t\t\t\t\t\t\t\t\t<\/div>\r\n\t\t\t\t<\/article>\r\n\t\t\t\t\t\t\t<article class=\"item   ts-col-12\">\r\n\t\t\t\t\t<div class=\"article-content\">\r\n\t\t\t\t\t\t\t\t\t\t\t<div class=\"thumbnail-content\">\r\n\t\t\t\t\t\t\t\t\t\t\t\t\t\t\t<a class=\"thumbnail  \" href=\"https:\/\/niceart.si\/?p=1451\">\r\n\t\t\t\t\t\t\t\t\t<figure>\r\n\t\t\t\t\t\t\t\t\t\t\t\t\t\t\t\t\t\t<\/figure>\r\n\t\t\t\t\t\t\t\t\t<div class=\"effect-thumbnail\"><\/div>\r\n\t\t\t\t\t\t\t\t<\/a>\r\n\t\t\t\t\t\t\t\t\r\n\t\t\t\t\t\t\t\t\r\n\t\t\t\t\t\t\t\t\t\t\t\t\t\r\n\t\t\t\t\t\t<\/div>\r\n\t\t\t\t\t\t\t\t\t\t\r\n\t\t\t\t\t\t\t\t\t\t\t\r\n\t\t\t\t\t\t<div class=\"entry-content\">\r\n\t\t\t\t\t\t\t<header>\r\n\t\t\t\t\t\t\t\r\n\t\t\t\t\t\t\t\t\t\t\t\t\t\t\t\t<h4 class=\"heading-title entry-title\">\r\n\t\t\t\t\t\t\t\t\t<a class=\"post-title\" href=\"https:\/\/niceart.si\/?p=1451\">FUZIJA<\/a>\r\n\t\t\t\t\t\t\t\t<\/h4>\r\n\t\t\t\t\t\t\t\t\t\t\t\t\t\t\t\t\r\n\t\t\t\t\t\t\t\t\t\t\t\t\t\t\t\t\r\n\t\t\t\t\t\t\t<\/header>\r\n\t\t\t\t\t\t\t\r\n\t\t\t\t\t\t\t\t\t\t\t\t\t\t<div class=\"excerpt\">Fuzija je tehnika obdelave stekla pri 600-900 stopinjah, pri \u010demer se ve\u010d plasti stekla zlije v novo celoto. Naziv tehnike izvira iz besede fusing \u2013spojitev, zdru\u017eitev. Tehnika dopu\u0161\u010da poigravanje in ustvarjanje nenavadnih oblik. Iz ravnega, prozornega stekla s dodatkom reliefov ter barvnih oksidov dobimo brezmejno mo\u017enost barvnih kombinacij in izdelkov.<\/div>\r\n\t\t\t\t\t\t\t\t\t\t\t\t\t\t\r\n\t\t\t\t\t\t\t\t\t\t\t\t\t<\/div>\r\n\t\t\t\t\t\t\t\r\n\t\t\t\t\t\t\t\t\t\t\t<\/div>\r\n\t\t\t\t<\/article>\r\n\t\t\t\t\t\t\t\t<\/div>\r\n\t\t\t\t\t\t\t\t\t<\/div>\r\n\t\t\t\t\r\n\t\t\t\t\t\t\t\t\r\n\t\t\t<\/div>\r\n\t\t\t\t<\/div>\r\n\t\t\t\t<\/div>\r\n\t\t\t\t\t<\/div>\r\n\t\t<\/div>\r\n\t\t\t\t\t\t\t<\/div>\r\n\t\t<\/section>\r\n\t\t\t\t\t\t\t<\/div>\r\n\t\t","protected":false},"excerpt":{"rendered":"<p>TEHNIKE IZDELAVE VITRA\u017d V TIFFANY TEHNIKI Zgodovina klasi\u010dnega vitra\u017ea je vezana predvsem na okna v cerkvah, katedralah in v dvorcih. Najstarej\u0161i primerki so steklene pregrade oken na bazilikah iz 4. in 5. stoletja, zlata doba vitra\u017ea sega v 12. do 16. stoletje, potem je do\u017eivljal zatone in vzpone, korenite spremembe pa je do\u017eivel s spremembo [&hellip;]<\/p>\n","protected":false},"author":1,"featured_media":0,"parent":0,"menu_order":0,"comment_status":"closed","ping_status":"closed","template":"elementor_header_footer","meta":{"footnotes":""},"class_list":["post-1769","page","type-page","status-publish","hentry"],"_links":{"self":[{"href":"https:\/\/niceart.si\/index.php?rest_route=\/wp\/v2\/pages\/1769","targetHints":{"allow":["GET"]}}],"collection":[{"href":"https:\/\/niceart.si\/index.php?rest_route=\/wp\/v2\/pages"}],"about":[{"href":"https:\/\/niceart.si\/index.php?rest_route=\/wp\/v2\/types\/page"}],"author":[{"embeddable":true,"href":"https:\/\/niceart.si\/index.php?rest_route=\/wp\/v2\/users\/1"}],"replies":[{"embeddable":true,"href":"https:\/\/niceart.si\/index.php?rest_route=%2Fwp%2Fv2%2Fcomments&post=1769"}],"version-history":[{"count":7,"href":"https:\/\/niceart.si\/index.php?rest_route=\/wp\/v2\/pages\/1769\/revisions"}],"predecessor-version":[{"id":1810,"href":"https:\/\/niceart.si\/index.php?rest_route=\/wp\/v2\/pages\/1769\/revisions\/1810"}],"wp:attachment":[{"href":"https:\/\/niceart.si\/index.php?rest_route=%2Fwp%2Fv2%2Fmedia&parent=1769"}],"curies":[{"name":"wp","href":"https:\/\/api.w.org\/{rel}","templated":true}]}}