{"id":22,"date":"2023-02-02T15:56:27","date_gmt":"2023-02-02T15:56:27","guid":{"rendered":"https:\/\/niceart.si\/?page_id=22"},"modified":"2023-06-08T09:26:11","modified_gmt":"2023-06-08T09:26:11","slug":"kontakt","status":"publish","type":"page","link":"https:\/\/niceart.si\/?page_id=22","title":{"rendered":"Kontakt"},"content":{"rendered":"\n<p><strong><a href=\"http:\/\/www.facebook.com\/stekleni.izdelki\">Katja Zrim\u0161ek<\/a><\/strong><br><strong>Trnovica 6<\/strong><br>1296 \u0160entvid pri Sti\u010dni<strong><br>Slovenija<br>tel: <\/strong><a href=\"tel:+38641946649\">+386&nbsp;41 946 649<\/a><strong><br>Mail: <\/strong><a href=\"mailto:info@niceart.si\">info@niceart.si<\/a><\/p>\n\n\n\n<p><strong><a href=\"http:\/\/www.facebook.com\/stekleni.izdelki\">Obi\u0161\u010dite me tudi na Facebooku<\/a><\/strong><\/p>\n\n\n\n<p><strong>DRUGA PRODAJNA MESTA:<\/strong><\/p>\n\n\n\n<ul class=\"wp-block-list\">\n<li>Rokodelski center DUO \u0160kofja Loka, Mestni trg 34, \u0160kofja Loka<\/li>\n\n\n\n<li>Cvetli\u010darna Flora, Kapucinski trg 21, \u0160kofja Loka<\/li>\n<\/ul>\n","protected":false},"excerpt":{"rendered":"<p>Katja Zrim\u0161ekTrnovica 61296 \u0160entvid pri Sti\u010dniSlovenijatel: +386&nbsp;41 946 649Mail: info@niceart.si Obi\u0161\u010dite me tudi na Facebooku DRUGA PRODAJNA MESTA:<\/p>\n","protected":false},"author":1,"featured_media":0,"parent":0,"menu_order":0,"comment_status":"closed","ping_status":"closed","template":"","meta":{"footnotes":""},"class_list":["post-22","page","type-page","status-publish","hentry"],"_links":{"self":[{"href":"https:\/\/niceart.si\/index.php?rest_route=\/wp\/v2\/pages\/22","targetHints":{"allow":["GET"]}}],"collection":[{"href":"https:\/\/niceart.si\/index.php?rest_route=\/wp\/v2\/pages"}],"about":[{"href":"https:\/\/niceart.si\/index.php?rest_route=\/wp\/v2\/types\/page"}],"author":[{"embeddable":true,"href":"https:\/\/niceart.si\/index.php?rest_route=\/wp\/v2\/users\/1"}],"replies":[{"embeddable":true,"href":"https:\/\/niceart.si\/index.php?rest_route=%2Fwp%2Fv2%2Fcomments&post=22"}],"version-history":[{"count":7,"href":"https:\/\/niceart.si\/index.php?rest_route=\/wp\/v2\/pages\/22\/revisions"}],"predecessor-version":[{"id":1826,"href":"https:\/\/niceart.si\/index.php?rest_route=\/wp\/v2\/pages\/22\/revisions\/1826"}],"wp:attachment":[{"href":"https:\/\/niceart.si\/index.php?rest_route=%2Fwp%2Fv2%2Fmedia&parent=22"}],"curies":[{"name":"wp","href":"https:\/\/api.w.org\/{rel}","templated":true}]}}