{"id":1538,"date":"2023-04-19T08:13:58","date_gmt":"2023-04-19T08:13:58","guid":{"rendered":"https:\/\/niceart.si\/?post_type=product&#038;p=1538"},"modified":"2023-04-19T08:13:59","modified_gmt":"2023-04-19T08:13:59","slug":"zelena-ogrlica-trio","status":"publish","type":"product","link":"https:\/\/niceart.si\/?product=zelena-ogrlica-trio","title":{"rendered":"Zelena ogrlica trio"},"content":{"rendered":"<p>Zelena&nbsp;ogrlica je unikatno oblikovana in izdelana iz taljenega stekla.&nbsp;Steklen nakit je, ne glede na svojo krhko vhodno surovino, trden, predvsem pa \u010dudovitega sijaja. Kovinski deli nakita so brez niklja.<\/p>\n<p>\u010ce se zgodi, da nakita, ki vam je v\u0161e\u010d, ni na zalogi, vam zelo podoben&nbsp;kos lahko izdelam po naro\u010dilu. Prav tako imate lahko kak\u0161ne posebne \u017eelje glede oblike in tudi barve. Oglejte si sorodne izdelke in mi sporo\u010dite&nbsp;va\u0161e \u017eelje&nbsp;po mailu ali telefonu.<\/p>\n","protected":false},"excerpt":{"rendered":"<p>Unikatna ogrlica iz taljenega stekla v zeleni&nbsp;barvi.<\/p>\n<p>Velikost pribli\u017eno&nbsp;3 cm.<\/p>\n","protected":false},"featured_media":364,"template":"","meta":[],"product_cat":[48],"product_tag":[],"class_list":{"0":"post-1538","1":"product","2":"type-product","3":"status-publish","4":"has-post-thumbnail","6":"product_cat-ogrlice","8":"first","9":"outofstock","10":"sold-individually","11":"purchasable","12":"product-type-simple"},"_links":{"self":[{"href":"https:\/\/niceart.si\/index.php?rest_route=\/wp\/v3\/product\/1538","targetHints":{"allow":["GET"]}}],"collection":[{"href":"https:\/\/niceart.si\/index.php?rest_route=\/wp\/v3\/product"}],"about":[{"href":"https:\/\/niceart.si\/index.php?rest_route=\/wp\/v2\/types\/product"}],"wp:featuredmedia":[{"embeddable":true,"href":"https:\/\/niceart.si\/index.php?rest_route=\/wp\/v2\/media\/364"}],"wp:attachment":[{"href":"https:\/\/niceart.si\/index.php?rest_route=%2Fwp%2Fv2%2Fmedia&parent=1538"}],"wp:term":[{"taxonomy":"product_cat","embeddable":true,"href":"https:\/\/niceart.si\/index.php?rest_route=%2Fwp%2Fv2%2Fproduct_cat&post=1538"},{"taxonomy":"product_tag","embeddable":true,"href":"https:\/\/niceart.si\/index.php?rest_route=%2Fwp%2Fv2%2Fproduct_tag&post=1538"}],"curies":[{"name":"wp","href":"https:\/\/api.w.org\/{rel}","templated":true}]}}