{"id":1543,"date":"2023-04-19T08:13:58","date_gmt":"2023-04-19T08:13:58","guid":{"rendered":"https:\/\/niceart.si\/?post_type=product&#038;p=1543"},"modified":"2023-04-19T08:14:00","modified_gmt":"2023-04-19T08:14:00","slug":"crn-prstan-dark","status":"publish","type":"product","link":"https:\/\/niceart.si\/?product=crn-prstan-dark","title":{"rendered":"\u010crn prstan dark"},"content":{"rendered":"<p>\u010crn prstan\u00a0je unikatno oblikovan in izdelan iz taljenega stekla.\u00a0Steklen nakit je, ne glede na svojo krhko vhodno surovino, trden, predvsem pa \u010dudovitega sijaja. Kovinski deli nakita so brez niklja.<\/p>\n<p>\u010ce se zgodi, da nakita, ki vam je v\u0161e\u010d, ni na zalogi, vam zelo podoben\u00a0kos lahko izdelam po naro\u010dilu. Prav tako imate lahko kak\u0161ne posebne \u017eelje glede oblike in tudi barve. Oglejte si sorodne izdelke in mi sporo\u010dite\u00a0va\u0161e \u017eelje\u00a0po mailu ali telefonu.<\/p>\n","protected":false},"excerpt":{"rendered":"<p>Unikaten prstan iz taljenega stekla v \u010drni\u00a0barvi.<\/p>\n<p>Velikost pribli\u017eno\u00a03 cm.<\/p>\n","protected":false},"featured_media":400,"template":"","meta":[],"product_cat":[49],"product_tag":[],"class_list":{"0":"post-1543","1":"product","2":"type-product","3":"status-publish","4":"has-post-thumbnail","6":"product_cat-prstani","8":"first","9":"outofstock","10":"sold-individually","11":"purchasable","12":"product-type-simple"},"_links":{"self":[{"href":"https:\/\/niceart.si\/index.php?rest_route=\/wp\/v3\/product\/1543","targetHints":{"allow":["GET"]}}],"collection":[{"href":"https:\/\/niceart.si\/index.php?rest_route=\/wp\/v3\/product"}],"about":[{"href":"https:\/\/niceart.si\/index.php?rest_route=\/wp\/v2\/types\/product"}],"wp:featuredmedia":[{"embeddable":true,"href":"https:\/\/niceart.si\/index.php?rest_route=\/wp\/v2\/media\/400"}],"wp:attachment":[{"href":"https:\/\/niceart.si\/index.php?rest_route=%2Fwp%2Fv2%2Fmedia&parent=1543"}],"wp:term":[{"taxonomy":"product_cat","embeddable":true,"href":"https:\/\/niceart.si\/index.php?rest_route=%2Fwp%2Fv2%2Fproduct_cat&post=1543"},{"taxonomy":"product_tag","embeddable":true,"href":"https:\/\/niceart.si\/index.php?rest_route=%2Fwp%2Fv2%2Fproduct_tag&post=1543"}],"curies":[{"name":"wp","href":"https:\/\/api.w.org\/{rel}","templated":true}]}}