{"id":1569,"date":"2023-04-19T08:14:03","date_gmt":"2023-04-19T08:14:03","guid":{"rendered":"https:\/\/niceart.si\/?post_type=product&#038;p=1569"},"modified":"2023-04-19T08:14:06","modified_gmt":"2023-04-19T08:14:06","slug":"skleda-kristal","status":"publish","type":"product","link":"https:\/\/niceart.si\/?product=skleda-kristal","title":{"rendered":"Skleda &#8220;kristal&#8221;"},"content":{"rendered":"<p>\u010cudovita steklena skleda ima lahko tiso\u010d in en namen&#8230;. lahko je skleda za sadje, samo okras, napolnimo jo s sve\u010dkami, plavajo\u010dimi cvetlicami, lahko\u00a0privo\u0161\u010dimo gostom velik kup pi\u0161kotov&#8230;ali si pa\u010d izmislimo, za kaj jo bomo uporabili.<\/p>\n<p>Skleda je, kljub krhkemu materialu, trpe\u017ena in vzdr\u017eevanje je enostavno&#8230; lahko jo operemo v pomivalnem stroju.\u00a0<\/p>\n<p>&nbsp;<\/p>\n<p>&nbsp;<\/p>\n","protected":false},"excerpt":{"rendered":"<p>Kristalno\u00a0prozorna skleda kjer se v del\u010dkih stekla lomi svetloba in ustvarja \u010dudovit sijaj&#8230; \u010de daste vanjo \u0161e kak\u0161no sve\u010dko, kadar je ne uporabljate za sadje ali pecivo&#8230; bo&#8230;. \u010darobno.<\/p>\n<p>velikost: 34x34cm<\/p>\n<p>&nbsp;<\/p>\n<p>&nbsp;<\/p>\n","protected":false},"featured_media":689,"template":"","meta":[],"product_cat":[53],"product_tag":[],"class_list":{"0":"post-1569","1":"product","2":"type-product","3":"status-publish","4":"has-post-thumbnail","6":"product_cat-sklede-in-krozniki","8":"first","9":"instock","10":"sold-individually","11":"purchasable","12":"product-type-simple"},"_links":{"self":[{"href":"https:\/\/niceart.si\/index.php?rest_route=\/wp\/v3\/product\/1569","targetHints":{"allow":["GET"]}}],"collection":[{"href":"https:\/\/niceart.si\/index.php?rest_route=\/wp\/v3\/product"}],"about":[{"href":"https:\/\/niceart.si\/index.php?rest_route=\/wp\/v2\/types\/product"}],"wp:featuredmedia":[{"embeddable":true,"href":"https:\/\/niceart.si\/index.php?rest_route=\/wp\/v2\/media\/689"}],"wp:attachment":[{"href":"https:\/\/niceart.si\/index.php?rest_route=%2Fwp%2Fv2%2Fmedia&parent=1569"}],"wp:term":[{"taxonomy":"product_cat","embeddable":true,"href":"https:\/\/niceart.si\/index.php?rest_route=%2Fwp%2Fv2%2Fproduct_cat&post=1569"},{"taxonomy":"product_tag","embeddable":true,"href":"https:\/\/niceart.si\/index.php?rest_route=%2Fwp%2Fv2%2Fproduct_tag&post=1569"}],"curies":[{"name":"wp","href":"https:\/\/api.w.org\/{rel}","templated":true}]}}