{"id":1587,"date":"2023-04-19T08:14:04","date_gmt":"2023-04-19T08:14:04","guid":{"rendered":"https:\/\/niceart.si\/?post_type=product&#038;p=1587"},"modified":"2024-05-04T20:18:02","modified_gmt":"2024-05-04T20:18:02","slug":"slika-petrolej-modra-cvetlica","status":"publish","type":"product","link":"https:\/\/niceart.si\/?product=slika-petrolej-modra-cvetlica","title":{"rendered":"Slika petrolej modra cvetlica"},"content":{"rendered":"<p>Ljubke cvetlice na steklu \u010dakajo na svoj prostor na va\u0161i steni. V prozornem steklu se svetloba lomi \u00a0in ustvarja \u010dudovit sijaj.\u00a0<\/p>\n<p>Predlagam, da si privo\u0161\u010dite vsaj dve ali tri&#8230;., saj tako pridejo \u0161e bolj do izraza. Prepustite se ob\u010dutkom\u00a0in izberite med razli\u010dnimi cvetlicami va\u0161o. Cvetlice\u00a0lahko kombinirate tako, da sestavite kompozicijo ve\u010dih v enakem barvnem odtenku&#8230;. \u010dudovit pa bo tudi &#8220;travnik&#8221; razli\u010dnih cvetlic&#8230;. \u00a0<\/p>\n<p>&nbsp;<\/p>\n<p>&nbsp;<\/p>\n","protected":false},"excerpt":{"rendered":"<p>Ljubka\u00a0petrolej modra\u00a0cvetlica za dekoracijo va\u0161ega doma&#8230;.<\/p>\n<p>Velikost: 9x29cm<\/p>\n<p>&nbsp;<\/p>\n<p>&nbsp;<\/p>\n","protected":false},"featured_media":782,"template":"","meta":[],"product_cat":[50],"product_tag":[],"class_list":{"0":"post-1587","1":"product","2":"type-product","3":"status-publish","4":"has-post-thumbnail","6":"product_cat-slike","8":"first","9":"onbackorder","10":"sold-individually","11":"purchasable","12":"product-type-simple"},"_links":{"self":[{"href":"https:\/\/niceart.si\/index.php?rest_route=\/wp\/v3\/product\/1587","targetHints":{"allow":["GET"]}}],"collection":[{"href":"https:\/\/niceart.si\/index.php?rest_route=\/wp\/v3\/product"}],"about":[{"href":"https:\/\/niceart.si\/index.php?rest_route=\/wp\/v2\/types\/product"}],"wp:featuredmedia":[{"embeddable":true,"href":"https:\/\/niceart.si\/index.php?rest_route=\/wp\/v2\/media\/782"}],"wp:attachment":[{"href":"https:\/\/niceart.si\/index.php?rest_route=%2Fwp%2Fv2%2Fmedia&parent=1587"}],"wp:term":[{"taxonomy":"product_cat","embeddable":true,"href":"https:\/\/niceart.si\/index.php?rest_route=%2Fwp%2Fv2%2Fproduct_cat&post=1587"},{"taxonomy":"product_tag","embeddable":true,"href":"https:\/\/niceart.si\/index.php?rest_route=%2Fwp%2Fv2%2Fproduct_tag&post=1587"}],"curies":[{"name":"wp","href":"https:\/\/api.w.org\/{rel}","templated":true}]}}