{"id":1595,"date":"2023-04-19T08:14:11","date_gmt":"2023-04-19T08:14:11","guid":{"rendered":"https:\/\/niceart.si\/?post_type=product&#038;p=1595"},"modified":"2023-04-19T08:14:12","modified_gmt":"2023-04-19T08:14:12","slug":"pladenj-kristal-stripes","status":"publish","type":"product","link":"https:\/\/niceart.si\/?product=pladenj-kristal-stripes","title":{"rendered":"Pladenj &#8220;kristal&#8221; stripes"},"content":{"rendered":"<p>Unikaten stekleni pladenj\u00a0je lahko\u00a0dopolnilo kompleta kro\u017enikov ali samostojen dekorativen in hkrati uporaben predmet.\u00a0<\/p>\n<p>Pladenj\u00a0je, kljub krhkemu materialu, trpe\u017een in vzdr\u017eevanje je enostavno&#8230; lahko ga operemo v pomivalnem stroju. \u010ce imate \u017eeljo po kompletu s kro\u017eniki, me kontaktirajte.\u00a0<\/p>\n<p>&nbsp;<\/p>\n<p>&nbsp;<\/p>\n","protected":false},"excerpt":{"rendered":"<p>Kristalno\u00a0prozoren pladenj, kjer se v del\u010dkih stekla lomi svetloba in ustvarja \u010dudovit sijaj&#8230;\u00a0<\/p>\n<p>velikost: 19,5&#215;37,5cm<\/p>\n<p>&nbsp;<\/p>\n<p>&nbsp;<\/p>\n","protected":false},"featured_media":793,"template":"","meta":[],"product_cat":[53],"product_tag":[],"class_list":{"0":"post-1595","1":"product","2":"type-product","3":"status-publish","4":"has-post-thumbnail","6":"product_cat-sklede-in-krozniki","8":"first","9":"instock","10":"sold-individually","11":"purchasable","12":"product-type-simple"},"_links":{"self":[{"href":"https:\/\/niceart.si\/index.php?rest_route=\/wp\/v3\/product\/1595","targetHints":{"allow":["GET"]}}],"collection":[{"href":"https:\/\/niceart.si\/index.php?rest_route=\/wp\/v3\/product"}],"about":[{"href":"https:\/\/niceart.si\/index.php?rest_route=\/wp\/v2\/types\/product"}],"wp:featuredmedia":[{"embeddable":true,"href":"https:\/\/niceart.si\/index.php?rest_route=\/wp\/v2\/media\/793"}],"wp:attachment":[{"href":"https:\/\/niceart.si\/index.php?rest_route=%2Fwp%2Fv2%2Fmedia&parent=1595"}],"wp:term":[{"taxonomy":"product_cat","embeddable":true,"href":"https:\/\/niceart.si\/index.php?rest_route=%2Fwp%2Fv2%2Fproduct_cat&post=1595"},{"taxonomy":"product_tag","embeddable":true,"href":"https:\/\/niceart.si\/index.php?rest_route=%2Fwp%2Fv2%2Fproduct_tag&post=1595"}],"curies":[{"name":"wp","href":"https:\/\/api.w.org\/{rel}","templated":true}]}}