{"id":1603,"date":"2023-04-19T08:14:11","date_gmt":"2023-04-19T08:14:11","guid":{"rendered":"https:\/\/niceart.si\/?post_type=product&#038;p=1603"},"modified":"2023-04-19T08:14:13","modified_gmt":"2023-04-19T08:14:13","slug":"sovica-svetlo-modra","status":"publish","type":"product","link":"https:\/\/niceart.si\/?product=sovica-svetlo-modra","title":{"rendered":"Sovica svetlo modra"},"content":{"rendered":"<p>Sova, skrivnostna prebivalka no\u010di, je \u017ee od davnine vzbujala radovednost in burila domi\u0161ljijo ljudstev na vseh koncih sveta. Najbr\u017e je ni kulture, ki ne bi v svojih verovanjih in simboliki vpletala tudi sove.\u00a0Zaradi njene pojave, glasov in na\u010dina \u017eivljenja so jo pogosto povezovali z modrostjo, znanjem in tradicijo. Ateno, gr\u0161ko boginjo civilizacije in modrosti, vedno spremlja sova.<\/p>\n<p>Sova je ptica, ki ji ljudje od nekdaj pripisujemo paranormalne mo\u010di. Pooseblja skrivnost, magijo in modrost, po starodavnih verovanjih pa tudi mo\u010d prerokb, no\u010dnih vizij, sanj in zdravljenja.\u00a0Sovje zdravilstvo krepi vid, sluh, plodnost in sposobnost zapeljevanja.<\/p>\n<div class=\"content\">\n<p>Kaj pa, \u010de se nam sova prikazuje v sanjah? Je to vsekakor dobro sanjsko znamenje. Sova je namre\u010d jasnovidka, ki nam v sanjah pomaga odkriti skrivnost ali poiskati re\u0161itev za nastali polo\u017eaj. Torej pogled nanjo zve\u010der pred spanjem ne bo odve\u010d:)!<\/p>\n<p>&nbsp;<\/p>\n<\/div>\n","protected":false},"excerpt":{"rendered":"<p>Ljubka svetlo modra sovica lahko krasi steno kjerkoli v va\u0161em stanovanju. \u0160e posebej je bodo veseli otroci, saj so sovice izjemno aktualne. S svojo simboliko &#8220;u\u010denosti&#8221; je primerna tudi za darilo ob zaklju\u010dku \u0161ole, \u0161tudija&#8230; za dober namen ob rojstvu otroka.\u00a0<\/p>\n<p>Velikost: 16x18cm<\/p>\n","protected":false},"featured_media":840,"template":"","meta":[],"product_cat":[50],"product_tag":[],"class_list":{"0":"post-1603","1":"product","2":"type-product","3":"status-publish","4":"has-post-thumbnail","6":"product_cat-slike","8":"first","9":"instock","10":"sold-individually","11":"purchasable","12":"product-type-simple"},"_links":{"self":[{"href":"https:\/\/niceart.si\/index.php?rest_route=\/wp\/v3\/product\/1603","targetHints":{"allow":["GET"]}}],"collection":[{"href":"https:\/\/niceart.si\/index.php?rest_route=\/wp\/v3\/product"}],"about":[{"href":"https:\/\/niceart.si\/index.php?rest_route=\/wp\/v2\/types\/product"}],"wp:featuredmedia":[{"embeddable":true,"href":"https:\/\/niceart.si\/index.php?rest_route=\/wp\/v2\/media\/840"}],"wp:attachment":[{"href":"https:\/\/niceart.si\/index.php?rest_route=%2Fwp%2Fv2%2Fmedia&parent=1603"}],"wp:term":[{"taxonomy":"product_cat","embeddable":true,"href":"https:\/\/niceart.si\/index.php?rest_route=%2Fwp%2Fv2%2Fproduct_cat&post=1603"},{"taxonomy":"product_tag","embeddable":true,"href":"https:\/\/niceart.si\/index.php?rest_route=%2Fwp%2Fv2%2Fproduct_tag&post=1603"}],"curies":[{"name":"wp","href":"https:\/\/api.w.org\/{rel}","templated":true}]}}