{"id":1612,"date":"2023-04-19T08:14:11","date_gmt":"2023-04-19T08:14:11","guid":{"rendered":"https:\/\/niceart.si\/?post_type=product&#038;p=1612"},"modified":"2023-04-19T08:14:14","modified_gmt":"2023-04-19T08:14:14","slug":"lucka-s-svecko-z-motivom-smrecice","status":"publish","type":"product","link":"https:\/\/niceart.si\/?product=lucka-s-svecko-z-motivom-smrecice","title":{"rendered":"Lu\u010dka s sve\u010dko z motivom smre\u010dice"},"content":{"rendered":"<p>V mraku se ob pri\u017egani sve\u010dki steklena lu\u010dka \u010darobno lesketa&#8230; Vsaka lu\u010dka je izdelana ro\u010dno, originalna in barva lahko rahlo odstopa od fotografije zaradi narave stekla.<\/p>\n<div class=\"content\">\n<p>Sodobna in ljubka dekoracija za pomirjujo\u010de vzdu\u0161je v va\u0161em domu. Seveda je lahko tudi originalno in unikatno darilo za va\u0161o ljubljeno osebo, prijatelja, znanca&#8230; \u010cajna sve\u010dka je prilo\u017eena.<\/p>\n<p>&nbsp;<\/p>\n<\/div>\n","protected":false},"excerpt":{"rendered":"<p>Ljubka svetilka s posodico za \u010dajno sve\u010dko, kjer&nbsp;mrak pri\u010dara \u010daroben lesket v steklu.&nbsp;<\/p>\n<p>Velikost: 10x12cm&nbsp;<\/p>\n<p>&nbsp;<\/p>\n","protected":false},"featured_media":860,"template":"","meta":[],"product_cat":[56],"product_tag":[],"class_list":{"0":"post-1612","1":"product","2":"type-product","3":"status-publish","4":"has-post-thumbnail","6":"product_cat-lucke-s-sveckami","8":"first","9":"instock","10":"sold-individually","11":"purchasable","12":"product-type-simple"},"_links":{"self":[{"href":"https:\/\/niceart.si\/index.php?rest_route=\/wp\/v3\/product\/1612","targetHints":{"allow":["GET"]}}],"collection":[{"href":"https:\/\/niceart.si\/index.php?rest_route=\/wp\/v3\/product"}],"about":[{"href":"https:\/\/niceart.si\/index.php?rest_route=\/wp\/v2\/types\/product"}],"wp:featuredmedia":[{"embeddable":true,"href":"https:\/\/niceart.si\/index.php?rest_route=\/wp\/v2\/media\/860"}],"wp:attachment":[{"href":"https:\/\/niceart.si\/index.php?rest_route=%2Fwp%2Fv2%2Fmedia&parent=1612"}],"wp:term":[{"taxonomy":"product_cat","embeddable":true,"href":"https:\/\/niceart.si\/index.php?rest_route=%2Fwp%2Fv2%2Fproduct_cat&post=1612"},{"taxonomy":"product_tag","embeddable":true,"href":"https:\/\/niceart.si\/index.php?rest_route=%2Fwp%2Fv2%2Fproduct_tag&post=1612"}],"curies":[{"name":"wp","href":"https:\/\/api.w.org\/{rel}","templated":true}]}}