{"id":1629,"date":"2023-04-19T08:14:16","date_gmt":"2023-04-19T08:14:16","guid":{"rendered":"https:\/\/niceart.si\/?post_type=product&#038;p=1629"},"modified":"2023-04-19T08:14:18","modified_gmt":"2023-04-19T08:14:18","slug":"tiffany-angelcek-s-trobento","status":"publish","type":"product","link":"https:\/\/niceart.si\/?product=tiffany-angelcek-s-trobento","title":{"rendered":"Tiffany angel\u010dek s trobento"},"content":{"rendered":"<p>Angel\u010dek, izdelan v vitra\u017eni Tiffany tehniki. Pritrjen je na dalj\u0161o veri\u017eico srebrne barve, ki omogo\u010da, da ga obesite kamorkoli v prostor&#8230; na steno, okno, bo\u017ei\u010dno drevesce. Primerno darilo ob rojstvu, prvem obhajilu, birmi&#8230;.<\/p>\n<div class=\"content\">&nbsp;<\/div>\n<p>&nbsp;<\/p>\n<p>&nbsp;<\/p>\n","protected":false},"excerpt":{"rendered":"<p>Angel\u010dek, izdelan v Tiffany tehniki.<\/p>\n<p>&nbsp;<\/p>\n<p>Velikost pribli\u017eno 10cm.<\/p>\n<p>&nbsp;<\/p>\n","protected":false},"featured_media":918,"template":"","meta":[],"product_cat":[57],"product_tag":[],"class_list":{"0":"post-1629","1":"product","2":"type-product","3":"status-publish","4":"has-post-thumbnail","6":"product_cat-tiffany-angelcki","8":"first","9":"instock","10":"sold-individually","11":"purchasable","12":"product-type-simple"},"_links":{"self":[{"href":"https:\/\/niceart.si\/index.php?rest_route=\/wp\/v3\/product\/1629","targetHints":{"allow":["GET"]}}],"collection":[{"href":"https:\/\/niceart.si\/index.php?rest_route=\/wp\/v3\/product"}],"about":[{"href":"https:\/\/niceart.si\/index.php?rest_route=\/wp\/v2\/types\/product"}],"wp:featuredmedia":[{"embeddable":true,"href":"https:\/\/niceart.si\/index.php?rest_route=\/wp\/v2\/media\/918"}],"wp:attachment":[{"href":"https:\/\/niceart.si\/index.php?rest_route=%2Fwp%2Fv2%2Fmedia&parent=1629"}],"wp:term":[{"taxonomy":"product_cat","embeddable":true,"href":"https:\/\/niceart.si\/index.php?rest_route=%2Fwp%2Fv2%2Fproduct_cat&post=1629"},{"taxonomy":"product_tag","embeddable":true,"href":"https:\/\/niceart.si\/index.php?rest_route=%2Fwp%2Fv2%2Fproduct_tag&post=1629"}],"curies":[{"name":"wp","href":"https:\/\/api.w.org\/{rel}","templated":true}]}}