{"id":1634,"date":"2023-04-19T08:14:16","date_gmt":"2023-04-19T08:14:16","guid":{"rendered":"https:\/\/niceart.si\/?post_type=product&#038;p=1634"},"modified":"2025-06-01T21:47:02","modified_gmt":"2025-06-01T21:47:02","slug":"ura-mozaik-nature","status":"publish","type":"product","link":"https:\/\/niceart.si\/?product=ura-mozaik-nature","title":{"rendered":"Ura mozaik nature"},"content":{"rendered":"<p>Unikatna steklena ura, ki lahko po\u017eivi va\u0161 ambient.&nbsp;Na kristalno prozorno osnovo so dodani ko\u0161\u010dki v zeleni, rjavi in razli\u010dnih odtenkih vijoli\u010dne barve&#8230;<\/p>\n<p>&nbsp;<\/p>\n<p>&nbsp;<\/p>\n<p>&nbsp;<\/p>\n","protected":false},"excerpt":{"rendered":"<p>Kristalno&nbsp;prozorna ura z barvnim mozaikom v naravnih barvah, kjer se v del\u010dkih stekla lomi svetloba in ustvarja \u010dudovit sijaj&#8230;&nbsp;<\/p>\n<p>velikost: 25x27cm<\/p>\n<p>&nbsp;<\/p>\n<p>&nbsp;<\/p>\n","protected":false},"featured_media":926,"template":"","meta":[],"product_cat":[45],"product_tag":[],"class_list":{"0":"post-1634","1":"product","2":"type-product","3":"status-publish","4":"has-post-thumbnail","6":"product_cat-ure","8":"first","9":"onbackorder","10":"sold-individually","11":"purchasable","12":"product-type-simple"},"_links":{"self":[{"href":"https:\/\/niceart.si\/index.php?rest_route=\/wp\/v3\/product\/1634","targetHints":{"allow":["GET"]}}],"collection":[{"href":"https:\/\/niceart.si\/index.php?rest_route=\/wp\/v3\/product"}],"about":[{"href":"https:\/\/niceart.si\/index.php?rest_route=\/wp\/v2\/types\/product"}],"wp:featuredmedia":[{"embeddable":true,"href":"https:\/\/niceart.si\/index.php?rest_route=\/wp\/v2\/media\/926"}],"wp:attachment":[{"href":"https:\/\/niceart.si\/index.php?rest_route=%2Fwp%2Fv2%2Fmedia&parent=1634"}],"wp:term":[{"taxonomy":"product_cat","embeddable":true,"href":"https:\/\/niceart.si\/index.php?rest_route=%2Fwp%2Fv2%2Fproduct_cat&post=1634"},{"taxonomy":"product_tag","embeddable":true,"href":"https:\/\/niceart.si\/index.php?rest_route=%2Fwp%2Fv2%2Fproduct_tag&post=1634"}],"curies":[{"name":"wp","href":"https:\/\/api.w.org\/{rel}","templated":true}]}}