{"id":1652,"date":"2023-04-19T08:14:17","date_gmt":"2023-04-19T08:14:17","guid":{"rendered":"https:\/\/niceart.si\/?post_type=product&#038;p=1652"},"modified":"2023-04-19T08:14:20","modified_gmt":"2023-04-19T08:14:20","slug":"angelcek-slika-rdec","status":"publish","type":"product","link":"https:\/\/niceart.si\/?product=angelcek-slika-rdec","title":{"rendered":"Angel\u010dek slika rde\u010d"},"content":{"rendered":"<p>Steklena slika angel\u010dka. Skrbno izrezani in bru\u0161eni stekleni ko\u0161\u010dki so sestavljeni v sli\u010dico ter obarvani v razli\u010dnih, poljubnih barvah. Konkretno ta je rde\u010d, lahko pa si ogledate \u0161e ostale barve ali me kontaktirate, \u010de imate kak\u0161no posebno \u017eeljo. \u010ce le lahko, jo bom uresni\u010dila.&nbsp;<\/p>\n","protected":false},"excerpt":{"rendered":"<p>Steklena slika angel\u010dka lahko krasi steno kjerkoli v va\u0161em stanovanju. Angel je simbol, ki vsakomur od nas nekaj pomeni&#8230;&nbsp;S svojo simboliko je primeren tudi kot darilo ob raznih prilo\u017enostih, kot so rojstni dnevi, obletnice, \u017eivljenski dogodki&#8230; za dober namen ob rojstvu otroka.&nbsp;<\/p>\n<p>Velikost: 16x18cm<\/p>\n","protected":false},"featured_media":983,"template":"","meta":[],"product_cat":[50],"product_tag":[],"class_list":{"0":"post-1652","1":"product","2":"type-product","3":"status-publish","4":"has-post-thumbnail","6":"product_cat-slike","8":"first","9":"instock","10":"sold-individually","11":"purchasable","12":"product-type-simple"},"_links":{"self":[{"href":"https:\/\/niceart.si\/index.php?rest_route=\/wp\/v3\/product\/1652","targetHints":{"allow":["GET"]}}],"collection":[{"href":"https:\/\/niceart.si\/index.php?rest_route=\/wp\/v3\/product"}],"about":[{"href":"https:\/\/niceart.si\/index.php?rest_route=\/wp\/v2\/types\/product"}],"wp:featuredmedia":[{"embeddable":true,"href":"https:\/\/niceart.si\/index.php?rest_route=\/wp\/v2\/media\/983"}],"wp:attachment":[{"href":"https:\/\/niceart.si\/index.php?rest_route=%2Fwp%2Fv2%2Fmedia&parent=1652"}],"wp:term":[{"taxonomy":"product_cat","embeddable":true,"href":"https:\/\/niceart.si\/index.php?rest_route=%2Fwp%2Fv2%2Fproduct_cat&post=1652"},{"taxonomy":"product_tag","embeddable":true,"href":"https:\/\/niceart.si\/index.php?rest_route=%2Fwp%2Fv2%2Fproduct_tag&post=1652"}],"curies":[{"name":"wp","href":"https:\/\/api.w.org\/{rel}","templated":true}]}}