{"id":1746,"date":"2023-04-19T08:14:38","date_gmt":"2023-04-19T08:14:38","guid":{"rendered":"https:\/\/niceart.si\/?post_type=product&#038;p=1746"},"modified":"2023-04-19T08:14:39","modified_gmt":"2023-04-19T08:14:39","slug":"turkizna-smrecica-s-cipko-3","status":"publish","type":"product","link":"https:\/\/niceart.si\/?product=turkizna-smrecica-s-cipko-3","title":{"rendered":"Turkizna smre\u010dica s \u010dipko 3"},"content":{"rendered":"<p>Steklen obesek iz taljenega stekla. Naj bodo va\u0161i prazniki lesketajo\u010de \u010darobni&#8230;<\/p>\n<p>Lahko si izberete tudi kombinacijo obeskov&#8230; enako obliko v razli\u010dnih barvah ali pa razli\u010dne oblike v eni barvi. Svoje \u017eelje in kombinacije mi lahko sporo\u010dite tudi na mail: info@niceart.si. Cena kompletov je \u0161e ugodnej\u0161a- 3kom 11\u20ac, 5 kom 17\u20ac.<\/p>\n","protected":false},"excerpt":{"rendered":"<p>Steklen obesek za dekoracijo va\u0161ega doma.<\/p>\n<p>Velikost pribli\u017eno 6cm.<\/p>\n","protected":false},"featured_media":1191,"template":"","meta":[],"product_cat":[59],"product_tag":[],"class_list":{"0":"post-1746","1":"product","2":"type-product","3":"status-publish","4":"has-post-thumbnail","6":"product_cat-praznicni-novoletni-obeski","8":"first","9":"instock","10":"sold-individually","11":"purchasable","12":"product-type-simple"},"_links":{"self":[{"href":"https:\/\/niceart.si\/index.php?rest_route=\/wp\/v3\/product\/1746","targetHints":{"allow":["GET"]}}],"collection":[{"href":"https:\/\/niceart.si\/index.php?rest_route=\/wp\/v3\/product"}],"about":[{"href":"https:\/\/niceart.si\/index.php?rest_route=\/wp\/v2\/types\/product"}],"wp:featuredmedia":[{"embeddable":true,"href":"https:\/\/niceart.si\/index.php?rest_route=\/wp\/v2\/media\/1191"}],"wp:attachment":[{"href":"https:\/\/niceart.si\/index.php?rest_route=%2Fwp%2Fv2%2Fmedia&parent=1746"}],"wp:term":[{"taxonomy":"product_cat","embeddable":true,"href":"https:\/\/niceart.si\/index.php?rest_route=%2Fwp%2Fv2%2Fproduct_cat&post=1746"},{"taxonomy":"product_tag","embeddable":true,"href":"https:\/\/niceart.si\/index.php?rest_route=%2Fwp%2Fv2%2Fproduct_tag&post=1746"}],"curies":[{"name":"wp","href":"https:\/\/api.w.org\/{rel}","templated":true}]}}