{"id":1797,"date":"2023-05-11T06:31:04","date_gmt":"2023-05-11T06:31:04","guid":{"rendered":"https:\/\/niceart.si\/?post_type=product&#038;p=1797"},"modified":"2023-05-12T05:44:03","modified_gmt":"2023-05-12T05:44:03","slug":"nadaljevalni-tecaj-izdelave-steklenega-izdelka-v-tiffany-vitrazni-tehniki","status":"publish","type":"product","link":"https:\/\/niceart.si\/?product=nadaljevalni-tecaj-izdelave-steklenega-izdelka-v-tiffany-vitrazni-tehniki","title":{"rendered":"Nadaljevalni te\u010daj izdelave steklenega izdelka v tiffany vitra\u017eni tehniki"},"content":{"rendered":"<p><strong>Vsebina te\u010daja:<\/strong><\/p>\n<p>Na nadaljevalnem te\u010daju vitra\u017ea boste poglobili znanje Tiffany vitra\u017enih tehnik in pod mentorstvom izdelali samostojno kompleksen tridimenzionalni izdelek.<\/p>\n<p>Ponovili bomo osnovna pravila iz za\u010detnega te\u010daja, na nadaljevalnem te\u010daju pa boste osvojili:<\/p>\n<ul>\n<li>Osnovna pravila konstrukcije tretje dimenzije<\/li>\n<li>Cinjenje tridimenzionalnih izdelkov<\/li>\n<li>Zaklju\u010dne obdelave in za\u0161\u010dito izdelkov<\/li>\n<\/ul>\n<p><strong>\u00a0<\/strong><\/p>\n<p><strong>Urnik:<\/strong><\/p>\n<p>Te\u010daj poteka\u00a0 15 ur in je po dogovoru lahko razdeljen na 2 ali 3 dni.<\/p>\n<p>&nbsp;<\/p>\n<p><strong>Cena te\u010daja:<\/strong><\/p>\n<p>Cena te\u010daja zna\u0161a 270,00 eur na udele\u017eenca.<\/p>\n<p>Sprejmem najve\u010d 4 udele\u017eence naenkrat in tako je delo zelo intenzivno.<\/p>\n<p><em>Te\u010daj se lahko izvede tudi individualno. V tem primeru je cena te\u010daja 30% vi\u0161ja. <\/em><\/p>\n<p><em>\u00a0<\/em><\/p>\n<p><strong>Kaj potrebujete:<\/strong><\/p>\n<p>Vsi pripomo\u010dki in materiali so vklju\u010deni v ceno,\u00a0 razen stojala za lu\u010dko, \u010de se boste odlo\u010dili za klasi\u010dno.<\/p>\n<p>Ne potrebujete nobene posebne opreme, le zaprte \u010devlje.<\/p>\n<p>Delavnica je primerna za starej\u0161e od 14 let.<\/p>\n<p>&nbsp;<\/p>\n<p>Med delavnico so na voljo brezalkoholne pija\u010de in prigrizki.<\/p>\n<p>&nbsp;<\/p>\n<p>Te\u010daj bom vodila mojstrica rokodelka Katja Zrim\u0161ek (NiceArt), nosilka certifikata Rokodelstvo<\/p>\n<p>Art&amp;Craft Slovenije.<\/p>\n","protected":false},"excerpt":{"rendered":"<p><strong>Vsebina te\u010daja:<\/strong><\/p>\n<p>Na nadaljevalnem te\u010daju vitra\u017ea boste poglobili znanje Tiffany vitra\u017enih tehnik in pod mentorstvom izdelali samostojno kompleksen tridimenzionalni izdelek.<\/p>\n<p>Ponovili bomo osnovna pravila iz za\u010detnega te\u010daja, na nadaljevalnem te\u010daju pa boste osvojili:<\/p>\n<ul>\n<li>Osnovna pravila konstrukcije tretje dimenzije<\/li>\n<li>Cinjenje tridimenzionalnih izdelkov<\/li>\n<li>Zaklju\u010dne obdelave in za\u0161\u010dito izdelkov<\/li>\n<\/ul>\n","protected":false},"featured_media":1798,"template":"","meta":[],"product_cat":[65],"product_tag":[],"class_list":{"0":"post-1797","1":"product","2":"type-product","3":"status-publish","4":"has-post-thumbnail","6":"product_cat-delavnice-in-tecaji","8":"first","9":"instock","10":"purchasable","11":"product-type-simple"},"_links":{"self":[{"href":"https:\/\/niceart.si\/index.php?rest_route=\/wp\/v3\/product\/1797","targetHints":{"allow":["GET"]}}],"collection":[{"href":"https:\/\/niceart.si\/index.php?rest_route=\/wp\/v3\/product"}],"about":[{"href":"https:\/\/niceart.si\/index.php?rest_route=\/wp\/v2\/types\/product"}],"wp:featuredmedia":[{"embeddable":true,"href":"https:\/\/niceart.si\/index.php?rest_route=\/wp\/v2\/media\/1798"}],"wp:attachment":[{"href":"https:\/\/niceart.si\/index.php?rest_route=%2Fwp%2Fv2%2Fmedia&parent=1797"}],"wp:term":[{"taxonomy":"product_cat","embeddable":true,"href":"https:\/\/niceart.si\/index.php?rest_route=%2Fwp%2Fv2%2Fproduct_cat&post=1797"},{"taxonomy":"product_tag","embeddable":true,"href":"https:\/\/niceart.si\/index.php?rest_route=%2Fwp%2Fv2%2Fproduct_tag&post=1797"}],"curies":[{"name":"wp","href":"https:\/\/api.w.org\/{rel}","templated":true}]}}