{"id":1801,"date":"2023-05-11T06:37:45","date_gmt":"2023-05-11T06:37:45","guid":{"rendered":"https:\/\/niceart.si\/?post_type=product&#038;p=1801"},"modified":"2023-05-12T05:43:20","modified_gmt":"2023-05-12T05:43:20","slug":"delavnica-izdelave-steklenega-izdelka-v-tiffany-vitrazni-tehniki","status":"publish","type":"product","link":"https:\/\/niceart.si\/?product=delavnica-izdelave-steklenega-izdelka-v-tiffany-vitrazni-tehniki","title":{"rendered":"Delavnica izdelave steklenega izdelka v tiffany vitra\u017eni tehniki"},"content":{"rendered":"<p><strong>Vsebina delavnice:<\/strong><\/p>\n<p>Na delavnici boste spoznali vse faze Tiffany vitra\u017ene tehnike in pod strokovnim mentorstvom samostojno izdelali\u00a0 svoj prvi Tiffany vitra\u017eni kos. Kljub osvajanju tehni\u010dnega znanja, bo dovolj prostora za va\u0161o kreativnost in na najbolj enostaven na\u010din boste spoznali vse faze tradicionalne tehnike obdelave stekla.<\/p>\n<p>&nbsp;<\/p>\n<p>Med 3 urno delavnico boste osvojili:<\/p>\n<ul>\n<li>Zna\u010dilnosti razli\u010dnih vrst stekla<\/li>\n<li>Osnovna pravila konstrukcij izdelkov in izdelavo \u0161ablon<\/li>\n<li>Rezanje in lomljenje stekla<\/li>\n<li>Bru\u0161enje<\/li>\n<li>Sestavljanje z bakreno folijo in cinjenje<\/li>\n<li>Zaklju\u010dne obdelave in za\u0161\u010dito izdelkov<\/li>\n<\/ul>\n<p>&nbsp;<\/p>\n<p><strong>Cena delavnice: <\/strong>69eur (v primeru vsaj 3 prijavljenih)<\/p>\n<p>Lahko se izvede tudi individualno in je cena v tem primeru 30% vi\u0161ja.<\/p>\n<p>&nbsp;<\/p>\n<p>Vsi pripomo\u010dki in materiali so vklju\u010deni v ceno. Ne potrebujete nobene posebne opreme,<\/p>\n<p>le zaprte \u010devlje. Delavnica je primerna za starej\u0161e od 14 let.<\/p>\n<p>&nbsp;<\/p>\n<p>Med delavnico so na voljo brezalkoholne pija\u010de in prigrizki.<\/p>\n<p>&nbsp;<\/p>\n<p>Delavnico vodi mojstrica rokodelka Katja Zrim\u0161ek (NiceArt), nosilka certifikata Rokodelstvo<\/p>\n<p>Art&amp;Craft Slovenije.<\/p>\n<p>&nbsp;<\/p>\n","protected":false},"excerpt":{"rendered":"<p><strong>Vsebina delavnice:<\/strong><\/p>\n<p>Na delavnici boste spoznali vse faze Tiffany vitra\u017ene tehnike in pod strokovnim mentorstvom samostojno izdelali\u00a0 svoj prvi Tiffany vitra\u017eni kos. Kljub osvajanju tehni\u010dnega znanja, bo dovolj prostora za va\u0161o kreativnost in na najbolj enostaven na\u010din boste spoznali vse faze tradicionalne tehnike obdelave stekla.<\/p>\n<p>&nbsp;<\/p>\n<p>Med 3 urno delavnico boste osvojili:<\/p>\n<ul>\n<li>Zna\u010dilnosti razli\u010dnih vrst stekla<\/li>\n<li>Osnovna pravila konstrukcij izdelkov in izdelavo \u0161ablon<\/li>\n<li>Rezanje in lomljenje stekla<\/li>\n<li>Bru\u0161enje<\/li>\n<li>Sestavljanje z bakreno folijo in cinjenje<\/li>\n<li>Zaklju\u010dne obdelave in za\u0161\u010dito izdelkov<\/li>\n<\/ul>\n","protected":false},"featured_media":1802,"template":"","meta":[],"product_cat":[65],"product_tag":[],"class_list":{"0":"post-1801","1":"product","2":"type-product","3":"status-publish","4":"has-post-thumbnail","6":"product_cat-delavnice-in-tecaji","8":"first","9":"instock","10":"purchasable","11":"product-type-simple"},"_links":{"self":[{"href":"https:\/\/niceart.si\/index.php?rest_route=\/wp\/v3\/product\/1801","targetHints":{"allow":["GET"]}}],"collection":[{"href":"https:\/\/niceart.si\/index.php?rest_route=\/wp\/v3\/product"}],"about":[{"href":"https:\/\/niceart.si\/index.php?rest_route=\/wp\/v2\/types\/product"}],"wp:featuredmedia":[{"embeddable":true,"href":"https:\/\/niceart.si\/index.php?rest_route=\/wp\/v2\/media\/1802"}],"wp:attachment":[{"href":"https:\/\/niceart.si\/index.php?rest_route=%2Fwp%2Fv2%2Fmedia&parent=1801"}],"wp:term":[{"taxonomy":"product_cat","embeddable":true,"href":"https:\/\/niceart.si\/index.php?rest_route=%2Fwp%2Fv2%2Fproduct_cat&post=1801"},{"taxonomy":"product_tag","embeddable":true,"href":"https:\/\/niceart.si\/index.php?rest_route=%2Fwp%2Fv2%2Fproduct_tag&post=1801"}],"curies":[{"name":"wp","href":"https:\/\/api.w.org\/{rel}","templated":true}]}}