{"id":1805,"date":"2023-05-11T06:42:35","date_gmt":"2023-05-11T06:42:35","guid":{"rendered":"https:\/\/niceart.si\/?post_type=product&#038;p=1805"},"modified":"2023-05-12T05:34:32","modified_gmt":"2023-05-12T05:34:32","slug":"zacetni-tecaj-izdelave-steklenega-izdelka-v-tiffany-vitrazni-tehniki","status":"publish","type":"product","link":"https:\/\/niceart.si\/?product=zacetni-tecaj-izdelave-steklenega-izdelka-v-tiffany-vitrazni-tehniki","title":{"rendered":"Za\u010detni te\u010daj izdelave steklenega izdelka v tiffany vitra\u017eni tehniki"},"content":{"rendered":"<p><strong>Vsebina te\u010daja:<\/strong><\/p>\n<p>Na za\u010detnem te\u010daju vitra\u017ea boste spoznali vse faze Tiffany vitra\u017ene tehnike in pod mentorstvom izdelali samostojno ploske steklene izdelke ter se dotaknili \u0161e tretje dimenzije izdelkov. Kljub osvajanju tehni\u010dnega znanja, bo dovolj prostora za va\u0161o kreativnost. Pod mojim mentorstvom narejene izdelke boste seveda lahko odnesli s sabo domov.<\/p>\n<p>&nbsp;<\/p>\n<p>Osvojili boste:<\/p>\n<ul>\n<li>Zna\u010dilnosti razli\u010dnih vrst stekla<\/li>\n<li>Osnovna pravila konstrukcij izdelkov in izdelavo \u0161ablon<\/li>\n<li>Rezanje in lomljenje stekla<\/li>\n<li>Bru\u0161enje<\/li>\n<li>Sestavljanje z bakreno folijo in cinjenje<\/li>\n<li>Zaklju\u010dne obdelave in za\u0161\u010dito izdelkov<\/li>\n<\/ul>\n<p>&nbsp;<\/p>\n<p><strong>Urnik:<\/strong><\/p>\n<p><strong>\u00a0<\/strong>Te\u010daj poteka\u00a0 15 ur in je lahko razdeljen na 2 ali 3 dni po dogovoru.<\/p>\n<p>&nbsp;<\/p>\n<p><strong>Cena te\u010daja:<\/strong><\/p>\n<p><strong>\u00a0<\/strong>Cena te\u010daja zna\u0161a 230,00 eur na udele\u017eenca.<\/p>\n<p>Sprejmem najve\u010d 4 udele\u017eence naenkrat in tako je delo zelo intenzivno.<\/p>\n<p><em>Te\u010daj se lahko izvede tudi individualno. V tem primeru je cena te\u010daja 30% vi\u0161ja. <\/em><\/p>\n<p><em>\u00a0<\/em><\/p>\n<p>Vsi pripomo\u010dki in materiali so vklju\u010deni v ceno. Ne potrebujete nobene posebne opreme,<\/p>\n<p>le zaprte \u010devlje. Delavnica je primerna za starej\u0161e od 14 let.<\/p>\n<p>&nbsp;<\/p>\n<p>Med delavnico so na voljo brezalkoholne pija\u010de in prigrizki.<\/p>\n<p>&nbsp;<\/p>\n<p>Te\u010daj bom vodila mojstrica rokodelka Katja Zrim\u0161ek (NiceArt), nosilka certifikata Rokodelstvo<\/p>\n<p>Art&amp;Craft Slovenije.<\/p>\n","protected":false},"excerpt":{"rendered":"<p><strong>Vsebina te\u010daja:<\/strong><\/p>\n<p>Na za\u010detnem te\u010daju vitra\u017ea boste spoznali vse faze Tiffany vitra\u017ene tehnike in pod mentorstvom izdelali samostojno ploske steklene izdelke ter se dotaknili \u0161e tretje dimenzije izdelkov. Kljub osvajanju tehni\u010dnega znanja, bo dovolj prostora za va\u0161o kreativnost. Pod mojim mentorstvom narejene izdelke boste seveda lahko odnesli s sabo domov.<\/p>\n<p>&nbsp;<\/p>\n<p>Osvojili boste:<\/p>\n<ul>\n<li>Zna\u010dilnosti razli\u010dnih vrst stekla<\/li>\n<li>Osnovna pravila konstrukcij izdelkov in izdelavo \u0161ablon<\/li>\n<li>Rezanje in lomljenje stekla<\/li>\n<li>Bru\u0161enje<\/li>\n<li>Sestavljanje z bakreno folijo in cinjenje<\/li>\n<li>Zaklju\u010dne obdelave in za\u0161\u010dito izdelkov<\/li>\n<\/ul>\n","protected":false},"featured_media":1806,"template":"","meta":[],"product_cat":[65],"product_tag":[],"class_list":{"0":"post-1805","1":"product","2":"type-product","3":"status-publish","4":"has-post-thumbnail","6":"product_cat-delavnice-in-tecaji","8":"first","9":"instock","10":"purchasable","11":"product-type-simple"},"_links":{"self":[{"href":"https:\/\/niceart.si\/index.php?rest_route=\/wp\/v3\/product\/1805","targetHints":{"allow":["GET"]}}],"collection":[{"href":"https:\/\/niceart.si\/index.php?rest_route=\/wp\/v3\/product"}],"about":[{"href":"https:\/\/niceart.si\/index.php?rest_route=\/wp\/v2\/types\/product"}],"wp:featuredmedia":[{"embeddable":true,"href":"https:\/\/niceart.si\/index.php?rest_route=\/wp\/v2\/media\/1806"}],"wp:attachment":[{"href":"https:\/\/niceart.si\/index.php?rest_route=%2Fwp%2Fv2%2Fmedia&parent=1805"}],"wp:term":[{"taxonomy":"product_cat","embeddable":true,"href":"https:\/\/niceart.si\/index.php?rest_route=%2Fwp%2Fv2%2Fproduct_cat&post=1805"},{"taxonomy":"product_tag","embeddable":true,"href":"https:\/\/niceart.si\/index.php?rest_route=%2Fwp%2Fv2%2Fproduct_tag&post=1805"}],"curies":[{"name":"wp","href":"https:\/\/api.w.org\/{rel}","templated":true}]}}